{"id":38,"date":"2026-05-13T00:43:24","date_gmt":"2026-05-13T03:43:24","guid":{"rendered":"http:\/\/mundocapacitacion.com.ar\/?page_id=38"},"modified":"2026-05-13T00:43:24","modified_gmt":"2026-05-13T03:43:24","slug":"quienes-somos","status":"publish","type":"page","link":"https:\/\/mundocapacitacion.com.ar\/?page_id=38","title":{"rendered":"Quienes Somos"},"content":{"rendered":"\r\n<p><strong>Esta es la pagina de capacitaci\u00f3n del Operador Psicosocial y Soci\u00f3logo Roberto Corne (MP 522).<\/strong><\/p>\r\n\r\n\r\n\r\n<p>Roberto Corne: Soci\u00f3logo; autor del libro \u201cComo ?&#8230;nos dominan\u201d; \u201cPapeles de Trabajo \u2013 Manual de Sociolog\u00eda Laboral\u201d con pr\u00f3logo de Julio Godio y \u201cMas de cien a\u00f1os en Pocas Hojas. &#8211; s\u00edntesis sociol\u00f3gica y pol\u00edtica de la Argentina a trav\u00e9s de la Historia de una Estructura Pol\u00edtica Tradicional \u2013per\u00edodo 1890 \u2013 1990\u201d \u2013 con pr\u00f3logo de Fortunato Mallimacci y Diego Barovero; en el primero a trav\u00e9s de varios ensayos explica el entramado sociocultural de la dominaci\u00f3n social y pol\u00edtica en argentina; en el segundo libro su especialidad sociol\u00f3gica: Sociolog\u00eda del Trabajo; y en el \u00faltimo una s\u00edntesis completa de la Historia Social Argentina. Desde su profesi\u00f3n trabaj\u00f3 en alfabetizaci\u00f3n (educaci\u00f3n no formal) a trav\u00e9s de ONGs ( entre ellas Que Vivan los Chicos!); autor de numerosos estudios en publicaciones especializadas sobre la problem\u00e1tica laboral; Analista y Supervisor \u2018Senior\u2019 de investigaci\u00f3n de mercado; asesor\u00f3 externamente a la comisi\u00f3n de Legislaci\u00f3n del Trabajo de la C\u00e1mara de Diputados de la Naci\u00f3n (2002 \u2013 2004), Perito Soci\u00f3logo de la justicia federal y egresado de la Escuela Nacional de Gobierno; la presente pagina es una compilaci\u00f3n de trabajos y servicios ofrecidos como Investigador Social e Inspector de Trabajo; para su empresa, ONG, partido pol\u00edtico, sindicato o profesi\u00f3n.<\/p>\r\n\r\n\r\n\r\n<p><strong>Clientes<\/strong><\/p>\r\n\r\n\r\n\r\n<p>UOM, APUBA, UCR, PJ, Asociaci\u00f3n Civil \u201cque vivan los chicos\u201d. Altamark, Asociaci\u00f3n Bancaria.<\/p>\r\n\r\n\r\n\r\n<p>EFECTIVO POR HOME BANKING O TRANSFERENCIAS.<\/p>\r\n\r\n\r\n\r\n<p><strong>LIBRO SOCIOLOGIA LABORAL<\/strong><br \/><a href=\"https:\/\/www.dunken.org\/editar-mi-libro-publicar-libro\/index.php?opt=2&amp;id_autor=5476&amp;param=\">https:\/\/www.dunken.org\/editar-mi-libro-publicar-libro\/index.php?opt=2&amp;id_autor=5476&amp;param=<\/a><\/p>\r\n\r\n\r\n\r\n<p><strong>NOTA EN PAGINA 12 1\u00ba<\/strong><br \/><a href=\"https:\/\/www.pagina12.com.ar\/diario\/suplementos\/cash\/33-1864-2005-05-08.html\">https:\/\/www.pagina12.com.ar\/diario\/suplementos\/cash\/33-1864-2005-05-08.html<\/a><\/p>\r\n\r\n\r\n\r\n<p><strong>NOTA EN PAGINA 12 2\u00ba<\/strong><br \/><a href=\"https:\/\/www.pagina12.com.ar\/diario\/suplementos\/cash\/17-1439-2004-08-01.html\">https:\/\/www.pagina12.com.ar\/diario\/suplementos\/cash\/17-1439-2004-08-01.html<\/a><\/p>\r\n\r\n\r\n\r\n<p><strong>NOTA EN PARALELO 37\u00b0<\/strong><br \/><a href=\"https:\/\/paralelo37.com.ar\/a-proposito-del-deficit-fiscal-y-la-concentracion-del-ingreso\/\">https:\/\/diarioinedito.com\/opinion\/27019-a-proposito-del-deficit-fiscal-y-la-concentracion-del-ingreso<\/a><\/p>\r\n\r\n\r\n\r\n\r\n\r\n<p><strong>LIBRO HISTORIA SOCIAL<\/strong><br \/><a href=\"https:\/\/www.buscalibre.com.ar\/libro-mas-de-cien-anos-en-pocas-hojas-sintesis-sociologica-y-politica-de-la-argentina\/9789878504735\/p\/52798404\">https:\/\/www.buscalibre.com.ar\/libro-mas-de-cien-anos-en-pocas-hojas-sintesis-sociologica-y-politica-de-la-argentina\/9789878504735\/p\/52798404<\/a><\/p>\r\n\r\n\r\n\r\n\r\n\r\n<p><strong>NEWSLETTER POBREZA<\/strong><br \/><a href=\"http:\/\/mundocapacitacion.com.ar\/wp-content\/uploads\/2020\/08\/newsletterpobreza.pdf\">http:\/\/mundocapacitacion.com.ar\/wp-content\/uploads\/2020\/08\/newsletterpobreza.pdf<\/a><\/p>\r\n\r\n\r\n\r\n<p><strong>SENTENCIA DE JUICIO<\/strong><br \/><a href=\"http:\/\/mundocapacitacion.com.ar\/wp-content\/uploads\/2020\/08\/sentenciajuicio.pdf\">http:\/\/mundocapacitacion.com.ar\/wp-content\/uploads\/2020\/08\/sentenciajuicio.pdf<\/a><\/p>\r\n\r\n\r\n\r\n<p><strong>SOCIOLOGIA LABORAL<\/strong><br \/><a href=\"http:\/\/mundocapacitacion.com.ar\/wp-content\/uploads\/2020\/08\/Adentro-y-afuera-micro-y-macro-de-la-sociologia-laboral.Acta-academica.pdf\">http:\/\/mundocapacitacion.com.ar\/wp-content\/uploads\/2020\/08\/Adentro-y-afuera-micro-y-macro-de-la-sociologia-laboral.Acta-academica.pdf<\/a><\/p>\r\n\r\n\r\n\r\n<p><strong>TRABAJO Y SALUD LABORAL<\/strong><br \/><a href=\"http:\/\/mundocapacitacion.com.ar\/wp-content\/uploads\/2020\/08\/conferenciaset.pdf\">http:\/\/mundocapacitacion.com.ar\/wp-content\/uploads\/2020\/08\/conferenciaset.pdf<\/a><\/p>\r\n\r\n\r\n\r\n<p><strong>TRABAJO INFANTIL<\/strong><br \/><a href=\"http:\/\/mundocapacitacion.com.ar\/wp-content\/uploads\/2020\/08\/trabajoinfantil.pdf\">http:\/\/mundocapacitacion.com.ar\/wp-content\/uploads\/2020\/08\/trabajoinfantil.pdf<\/a><\/p>\r\n\r\n\r\n\r\n<p>&nbsp;<\/p>\r\n\r\n\r\n\r\n<p><strong>Contacto<\/strong><\/p>\r\n\r\n\r\n\r\n<p><a href=\"mailto:info@mundocapacitacion.com\">info@mundocapacitacion.com<\/a> -\u2013 CUALQUIER DUDA O CONSULTA POR CHAT A <a href=\"mailto:info@mundocapacitacion.com\">info@mundocapacitacion.com<\/a><\/p>\r\n\r\n\r\n\r\n<p><strong>CUENTA\u00a0 BANCO CIUDAD<\/strong><br \/><strong>Caja de Ahorro <\/strong>\u00a0 \u00a0 000001110203550007 <br \/><strong>CBU<\/strong>:\u00a0 0290000110000035500075 <br \/><strong>Alias<\/strong>:\u00a0MANI.VEREDA.CURVA<\/p>\r\n","protected":false},"excerpt":{"rendered":"<p>Esta es la pagina de capacitaci\u00f3n del Operador Psicosocial y Soci\u00f3logo Roberto Corne (MP 522). Roberto Corne: Soci\u00f3logo; autor del libro \u201cComo ?&#8230;nos dominan\u201d; \u201cPapeles de Trabajo \u2013 Manual de Sociolog\u00eda Laboral\u201d con pr\u00f3logo de Julio Godio y \u201cMas de cien a\u00f1os en Pocas Hojas. &#8211; s\u00edntesis sociol\u00f3gica y pol\u00edtica de la Argentina a trav\u00e9s &hellip; <\/p>\n","protected":false},"author":1,"featured_media":0,"parent":0,"menu_order":0,"comment_status":"closed","ping_status":"closed","template":"","meta":{"footnotes":""},"class_list":["post-38","page","type-page","status-publish","hentry"],"_links":{"self":[{"href":"https:\/\/mundocapacitacion.com.ar\/index.php?rest_route=\/wp\/v2\/pages\/38","targetHints":{"allow":["GET"]}}],"collection":[{"href":"https:\/\/mundocapacitacion.com.ar\/index.php?rest_route=\/wp\/v2\/pages"}],"about":[{"href":"https:\/\/mundocapacitacion.com.ar\/index.php?rest_route=\/wp\/v2\/types\/page"}],"author":[{"embeddable":true,"href":"https:\/\/mundocapacitacion.com.ar\/index.php?rest_route=\/wp\/v2\/users\/1"}],"replies":[{"embeddable":true,"href":"https:\/\/mundocapacitacion.com.ar\/index.php?rest_route=%2Fwp%2Fv2%2Fcomments&post=38"}],"version-history":[{"count":22,"href":"https:\/\/mundocapacitacion.com.ar\/index.php?rest_route=\/wp\/v2\/pages\/38\/revisions"}],"predecessor-version":[{"id":365,"href":"https:\/\/mundocapacitacion.com.ar\/index.php?rest_route=\/wp\/v2\/pages\/38\/revisions\/365"}],"wp:attachment":[{"href":"https:\/\/mundocapacitacion.com.ar\/index.php?rest_route=%2Fwp%2Fv2%2Fmedia&parent=38"}],"curies":[{"name":"wp","href":"https:\/\/api.w.org\/{rel}","templated":true}]}}